{"id":12,"date":"2021-04-14T22:42:39","date_gmt":"2021-04-14T20:42:39","guid":{"rendered":"https:\/\/barproject.net\/?page_id=12"},"modified":"2023-11-20T15:48:59","modified_gmt":"2023-11-20T14:48:59","slug":"barpeople","status":"publish","type":"page","link":"https:\/\/barproject.net\/?page_id=12","title":{"rendered":"BAR People"},"content":{"rendered":"<p>Since 2013, BAR project has hosted and collaborated with more than 150 cultural workers (both independent and institutional) from all continents.<\/p>\n<p>2023: Beatriz Lemos, Mar\u00eda \u00cd\u00f1igo Clavo, Gian Cruz, Lumbung Press.<\/p>\n<p>2022: Alan Sierra, Elena Agudio, Victorine Grataloup, Marie de Gaulejac, Thomas Conchou, Laurie Charles <span style=\"font-weight: 400;\"><span style=\"text-decoration: underline;\">BAR TOOL#5 (2022-2023)<\/span>: Claudia Claremi, Celine Manners, Santiago Sepulveda, Carlos Clemente. Guest tutors: Erick Beltran, consonni.<\/span><\/p>\n<p>2021: <span style=\"font-weight: 400;\">Azar Mahmoudian, <\/span><span style=\"font-weight: 400;\">Apparatus 22 (Erika Olea, Maria Farcas, Dragos Olea), <\/span><span style=\"font-weight: 400;\">Alba Mayol, <\/span><span style=\"font-weight: 400;\">Elda Ort\u00edz, <\/span><span style=\"font-weight: 400;\">Violeta Ospina, <\/span><span style=\"font-weight: 400;\">Tania Adam, <\/span><span style=\"font-weight: 400;\">Quim Pujol; <span style=\"text-decoration: underline;\">BAR TOOL#4 (2021-2022)<\/span>: Bianca Dentellato, Ana Garcia Lopez, Marenka Krasomel, Giulia Paradell, Manuela Pereira. Guest tutor: Dora Garcia.<\/span><\/p>\n<p>2020: Camilla Bechelany, <span style=\"font-weight: 400;\">Maria Alcaide, Erik Harley, Cl\u00e0udia Elies; <span style=\"text-decoration: underline;\">BAR TOOL#3 (2020):<\/span> Lizette Nin, Wafa Aoun, Carla Jimeno; tutors: Manuel Cirauqui, Cory Scozzari, Mireia Sallares.<\/span><\/p>\n<p>2019: <span style=\"font-weight: 400;\">Chiara Cartuccia, <\/span><span style=\"font-weight: 400;\">Jimena Croceri, <\/span><span style=\"font-weight: 400;\">Denise Araouzou, <\/span><span style=\"font-weight: 400;\">Oscar Abraham Pab\u00f3n, <\/span><span style=\"font-weight: 400;\">Pin Hui Chen, <\/span>Julie Boukobza, Vittoria Matarrese, Anna Colin, Claudia Pag\u00e9s, Irene Aristiz\u00e1bal, Ad Minoliti, Francesc Ru\u00edz, Antonio Gagliano, Veronica Lahitte.<\/p>\n<p>2018: <span style=\"font-weight: 400;\">Marcos Ben\u00edtez, <\/span>Martin Leg\u00f3n, Nouha Ben Yebdri, <span style=\"font-weight: 400;\">Cristina Bogdan, <\/span>Ericka Florez, <span style=\"font-weight: 400;\">Isa Carrillo, <\/span>Emily Pethick, Susan Gibb, Nuria G\u00fcell, Aimar P\u00e9rez Gal\u00ed, Philippe Pirotte, Vivian Sky Rehberg, Daniel Steegmann Mangran\u00e9, Jordi Ferreiro, Nico Vascellari, Joan Morey, Duen Sacchi; <span style=\"font-weight: 400;\"><span style=\"text-decoration: underline;\">BAR TOOL#2 (2018-2019)<\/span>: Arash Fayez, Ad\u00e9la\u00efde Feriot, C\u00e9line Mathieu, Fran Glez, Marina Salvo, Gabriella Torres-Ferrer, Milagros Bedoya Valdivia<\/span><\/p>\n<p>2017: Simon Asencio, Valerio Del Baglivo, Daisuke Kosugi, Eva Rowson, Ina Hagen, Summer Guthery, Alfredo Aracil, Emma Haugh &amp; Suza Husse, Erick Beltr\u00e1n, In\u00e9s Katzenstein, Doroth\u00e9e Dupuis, Gelen Jeleton, Antoni Herv\u00e0s; <span style=\"text-decoration: underline;\">BAR International Symposium<\/span>: Santiago Villanueva, Leire Vergara, Helmut Batista, Elise Lammer, Daniel Blanga-Gubbay, Karima Boudou, El Palomar, Kroot Juurak &amp; Alex Bailey, Pablo Martinez, Carles Guerra; <span style=\"font-weight: 400;\"><span style=\"text-decoration: underline;\">BAR TOOL#1 (2017-2018): <\/span><\/span>Hugo Hemmi, Rosanna del Solar, David Ortiz Juan, Elida H\u00f8eg.<\/p>\n<p>2016: <span style=\"font-weight: 400;\">Emanuele Guidi, <\/span>Lorenzo Sandoval, Robert Leckie, Warren Neidich, M\u00f3nica Restrepo, Sojung Jun, Valentina Desideri, Cristina Ochoa, Florencia Portocarrero, Jungju An; <span style=\"text-decoration: underline;\">BAR TOOL#0 (2016-2017)<\/span>: Julia Gorostidi, Tali Serruya, Enea Cabanes, Alejandra Avil\u00e9s, Ibai Hernandorena.<\/p>\n<p>2015: <span style=\"font-weight: 400;\">Lisa Mazza, <\/span>Matteo Lucchetti, Silvia Franceschini, Annie Fletcher, <span style=\"font-weight: 400;\">Binna Choi, <\/span>Eva Gonz\u00e1lez Sancho, <span style=\"font-weight: 400;\">Gaby Felten, <\/span>Maja \u0106iri\u0107, Maria Guggenbichler, Alex Martinis Roe, Christian Nyampeta, Elena Yaichnikova, Nicoline van Harskamp; <span style=\"text-decoration: underline;\">BAR module: Curating the space \/ Space for curating<\/span>: Michy Maruach, Sof\u00eda Hern\u00e1ndez Chong Cuy (guest curators); Alejandra Avil\u00e9s, Cristina Albertini, Garazi Ansa, Francesca Boenzi, Pauline Bordaneil, Alba Folgado, Gris Garcia, Valentina Lacinio, Helena Perez (participants); <span style=\"text-decoration: underline;\">HomePageResidency<\/span>: Carolina Bonfim, David Bestue, Seraf\u00edn \u00c1lvarez and Luz Broto; <span style=\"text-decoration: underline;\">BAR Party<\/span> 2nd anniversary with Natalia Sorzano.<\/p>\n<p>2014: <span style=\"font-weight: 400;\">Natalia Sielewicz, <\/span>Rieke Vos, Xiaoyu Weng, Lisette Smits, Lorenzo Benedetti, Miguel Amado, dingum, Krist Gruijthuijsen, Lara Khaldi, Margit Sade Lehni, Richard John Jones, Andre Romao, Angela Serino, Eduardo Navarro; <span style=\"text-decoration: underline;\">BAR party<\/span> 1st anniversary with Isabelle Lewis.<\/p>\n<p>2013: <span style=\"font-weight: 400;\">Noam Segal, <\/span>\u00d6v\u00fcl Durmu\u015fo\u011flu, Magalie Meunier, Margarida Mendes, Natalia Valencia, Katerina Gregos, Luigi Fassi, <span style=\"font-weight: 400;\">Luis Silva, <\/span>Chris Fitzpatrick, Chris Sharp, Isabelle Le Normand, Anja Isabel Schneider, <span style=\"font-weight: 400;\">Antonia Alampi, <\/span>Catalina Lozano, <span style=\"font-weight: 400;\">Pauline Bastard, <\/span><span style=\"font-weight: 400;\">Priscila Fernandes, <\/span><span style=\"font-weight: 400;\">Tobias Kaspar, <\/span><span style=\"font-weight: 400;\">Marlie Mul<\/span>, \u00d6zlem Sulak, High&amp;Low Bureau, Ivan Argote.<\/p>\n","protected":false},"excerpt":{"rendered":"<p>Since 2013, BAR project has hosted and collaborated with more than 150 cultural workers (both independent and institutional) from all continents. 2023: Beatriz Lemos, Mar\u00eda \u00cd\u00f1igo Clavo, Gian Cruz, Lumbung&#8230;<\/p>\n","protected":false},"author":1,"featured_media":8906,"parent":0,"menu_order":3,"comment_status":"closed","ping_status":"closed","template":"page-templates\/main-template.php","meta":{"footnotes":""},"class_list":["post-12","page","type-page","status-publish","has-post-thumbnail","hentry"],"_links":{"self":[{"href":"https:\/\/barproject.net\/index.php?rest_route=\/wp\/v2\/pages\/12","targetHints":{"allow":["GET"]}}],"collection":[{"href":"https:\/\/barproject.net\/index.php?rest_route=\/wp\/v2\/pages"}],"about":[{"href":"https:\/\/barproject.net\/index.php?rest_route=\/wp\/v2\/types\/page"}],"author":[{"embeddable":true,"href":"https:\/\/barproject.net\/index.php?rest_route=\/wp\/v2\/users\/1"}],"replies":[{"embeddable":true,"href":"https:\/\/barproject.net\/index.php?rest_route=%2Fwp%2Fv2%2Fcomments&post=12"}],"version-history":[{"count":0,"href":"https:\/\/barproject.net\/index.php?rest_route=\/wp\/v2\/pages\/12\/revisions"}],"wp:featuredmedia":[{"embeddable":true,"href":"https:\/\/barproject.net\/index.php?rest_route=\/wp\/v2\/media\/8906"}],"wp:attachment":[{"href":"https:\/\/barproject.net\/index.php?rest_route=%2Fwp%2Fv2%2Fmedia&parent=12"}],"curies":[{"name":"wp","href":"https:\/\/api.w.org\/{rel}","templated":true}]}}