{"id":8884,"date":"2021-10-18T09:56:19","date_gmt":"2021-10-18T07:56:19","guid":{"rendered":"https:\/\/barproject.net\/?page_id=8884"},"modified":"2024-10-03T09:21:46","modified_gmt":"2024-10-03T07:21:46","slug":"titulo-en-espanol","status":"publish","type":"page","link":"https:\/\/barproject.net\/?page_id=8884&lang=es","title":{"rendered":"BAR Nosotras"},"content":{"rendered":"<p>BAR project es una iniciativa curatorial en movimiento que promueve el di\u00e1logo transdisciplinario, la hospitalidad, la colaboraci\u00f3n y el intercambio entre el arte y la sociedad. BAR project se inspira profundamente, tomando su nombre y modus operandi, en el bar, lugar de encuentro popular y transcultural de los pa\u00edses del sur de Europa y Mediterr\u00e1neo, como espacio de producci\u00f3n de conocimiento gracias a las relaciones sociales y a las conversaciones informales que genera.<\/p>\n<p>BAR project surge en 2013 como una organizaci\u00f3n m\u00f3vil y sin \u00e1nimo de lucro fundada y dirigida por Andrea Rodr\u00edguez Novoa, Veronica Valentini y Juan Canela (hasta 2021). Su proyecto desarrolla un programa p\u00fablico itinerante en la ciudad de Barcelona entendido como espacio p\u00fablico experimental y lugar com\u00fan de acci\u00f3n y exhibici\u00f3n de eventos duracionales -como la performance, la conversaci\u00f3n y otros gestos art\u00edsticos- que cuestionan temas pol\u00edticos, sociales y econ\u00f3micos actuales. Estos objetivos se consiguen a trav\u00e9s de residencias y formatos pedag\u00f3gicos cuyos resultados son fruto del di\u00e1logo e intercambio entre agentes locales, nacionales, internacionales y el tejido sociocultural de la ciudad.<\/p>\n<p>BAR project ha acogido a m\u00e1s de 150 trabajadores culturales, tanto independientes como institucionales, procedentes de todos los continentes. Ha colaborado con m\u00faltiples espacios, proyectos, instituciones locales e internacionales (Ayuntamiento de Barcelona, MACBA, La Virreina Centro de la Imagen, Fundaci\u00f3n Tapies, Bodega Armando, angels gallery, Les Laboratoires d&#8217;Aubervilliers, Palais de Tokyo, SOMA M\u00e9xico, Stroom, Bienal de Gwangju, etc).<\/p>\n<p>Ha sido proyecto residente en Fabra i Coats (2013-2020), Fundaci\u00f3n Antoni T\u00e0pies (2016-2020), y La Capella (2021-2022). Desde noviembre de 2023, BAR project comisar\u00eda HAUS, Espacio de Arte y Pr\u00e1cticas Contempor\u00e1neas en BAU, Escuela Superior de Arte y Dise\u00f1o. Este nuevo espacio expositivo le permite seguir promoviendo el di\u00e1logo transnacional entre la escena art\u00edstica local e internacional del barrio del Poblenou a trav\u00e9s de programas discursivos, de estudio, residencias y exposiciones.<\/p>\n<p>A lo largo de los a\u00f1os, BAR project ha recibido apoyo financiero y en especie de patrocinadores, fundaciones, particulares, empresas, instituciones y subvenciones locales y nacionales, como: Esteban Bernatas, cine Zumzeig, Fundaci\u00f3n Almayuda, ICUB Instituto de Cultura de Barcelona, Generalitat de Catalunya OSIC, Absolut Vodka, ACE Acci\u00f3n Cultural Espa\u00f1ola, Ministerio de Cultura de Espa\u00f1a, Institut Ramon Llull, Fundaci\u00f3n Banco Santander (Beca Emplea Cultura), Hangar, Fabra i Coats, Fundaci\u00f3n Antoni T\u00e0pies, La Virreina Centro de la Imagen, galer\u00eda Tiro al Blanco, entre otros.<\/p>\n<p>Gracias a ellos, junto con los programas pedag\u00f3gicos remunerados, ha sido posible financiar las actividades y el trabajo de agentes, organizadores y colaboradores del proyecto. Luciana Della Villa, Alessa Alcantara, Marina Mart\u00ednez Verges, Alba Vilamala, Helena P\u00e9rez, Amaryllis Zachariadou, Silvia Sorini, Sara Agudo Millan, Gloria Fern\u00e1ndez Mac\u00edas han sido colaboradoras de BAR project.<\/p>\n<p>Si quieres colaborar o apoyar el proyecto y la comunidad de profesionales que construye su programa, o bien concertar una cita previa, puedes escribir a <a href=\"mailto:hello@barproject.net\" target=\"_blank\" rel=\"noopener\">hello@barproject.net<\/a><\/p>\n<p>Vis\u00edtanos en HAUS, Carrer de la Ciutat de Granada 34-36 (M Llacuna), de lunes a viernes, de 10 am a 1:30 pm y de 15 a 19 h.<\/p>\n<p><em>Drinking while walking while hosting while thinking while making together<\/em>.<\/p>\n<p>&nbsp;<\/p>\n<div><img loading=\"lazy\" decoding=\"async\" class=\"wp-image-10222 size-full aligncenter\" src=\"https:\/\/barproject.net\/wp-content\/uploads\/2023\/02\/6b55c941-fa31-f6dc-b82c-603127571424-1.png\" alt=\"\" width=\"100\" height=\"35\" \/><\/div>\n<div><\/div>\n<div><img loading=\"lazy\" decoding=\"async\" class=\"wp-image-10221 aligncenter\" src=\"https:\/\/barproject.net\/wp-content\/uploads\/2023\/02\/lacapella-logo-300x83.png\" alt=\"\" width=\"100\" height=\"28\" srcset=\"https:\/\/barproject.net\/wp-content\/uploads\/2023\/02\/lacapella-logo-300x83.png 300w, https:\/\/barproject.net\/wp-content\/uploads\/2023\/02\/lacapella-logo.png 727w\" sizes=\"auto, (max-width: 100px) 100vw, 100px\" \/><\/div>\n<div><\/div>\n<div><img loading=\"lazy\" decoding=\"async\" class=\"wp-image-10220 aligncenter\" src=\"https:\/\/barproject.net\/wp-content\/uploads\/2023\/02\/gen-cat.png\" alt=\"\" width=\"100\" height=\"30\" \/><img loading=\"lazy\" decoding=\"async\" class=\"aligncenter wp-image-10219 size-full\" src=\"https:\/\/barproject.net\/wp-content\/uploads\/2023\/02\/rrss_logo-e1702330685233.jpg\" alt=\"\" width=\"100\" height=\"77\" \/><\/div>\n<div><img loading=\"lazy\" decoding=\"async\" class=\"wp-image-11596 aligncenter\" src=\"https:\/\/barproject.net\/wp-content\/uploads\/2023\/12\/BAU-logo-ESP@2x-300x101.jpeg\" alt=\"\" width=\"100\" height=\"34\" srcset=\"https:\/\/barproject.net\/wp-content\/uploads\/2023\/12\/BAU-logo-ESP@2x-300x101.jpeg 300w, https:\/\/barproject.net\/wp-content\/uploads\/2023\/12\/BAU-logo-ESP@2x.jpeg 717w\" sizes=\"auto, (max-width: 100px) 100vw, 100px\" \/><\/div>\n<div><img loading=\"lazy\" decoding=\"async\" class=\"wp-image-11597 aligncenter\" src=\"https:\/\/barproject.net\/wp-content\/uploads\/2023\/12\/HAUS_V_N-300x169.png\" alt=\"\" width=\"100\" height=\"56\" srcset=\"https:\/\/barproject.net\/wp-content\/uploads\/2023\/12\/HAUS_V_N-300x169.png 300w, https:\/\/barproject.net\/wp-content\/uploads\/2023\/12\/HAUS_V_N-1024x576.png 1024w, https:\/\/barproject.net\/wp-content\/uploads\/2023\/12\/HAUS_V_N.png 1920w\" sizes=\"auto, (max-width: 100px) 100vw, 100px\" \/><\/div>\n<div><\/div>\n<p style=\"text-align: center;\">Dise\u00f1o web: <a href=\"http:\/\/www.todojunto.net\/\" target=\"_blank\" rel=\"noopener\">todojunto.net<\/a><\/p>\n","protected":false},"excerpt":{"rendered":"<p>BAR project es una iniciativa curatorial en movimiento que promueve el di\u00e1logo transdisciplinario, la hospitalidad, la colaboraci\u00f3n y el intercambio entre el arte y la sociedad. BAR project se inspira&#8230;<\/p>\n","protected":false},"author":1,"featured_media":8911,"parent":0,"menu_order":2,"comment_status":"closed","ping_status":"closed","template":"","meta":{"footnotes":""},"class_list":["post-8884","page","type-page","status-publish","has-post-thumbnail","hentry"],"_links":{"self":[{"href":"https:\/\/barproject.net\/index.php?rest_route=\/wp\/v2\/pages\/8884","targetHints":{"allow":["GET"]}}],"collection":[{"href":"https:\/\/barproject.net\/index.php?rest_route=\/wp\/v2\/pages"}],"about":[{"href":"https:\/\/barproject.net\/index.php?rest_route=\/wp\/v2\/types\/page"}],"author":[{"embeddable":true,"href":"https:\/\/barproject.net\/index.php?rest_route=\/wp\/v2\/users\/1"}],"replies":[{"embeddable":true,"href":"https:\/\/barproject.net\/index.php?rest_route=%2Fwp%2Fv2%2Fcomments&post=8884"}],"version-history":[{"count":0,"href":"https:\/\/barproject.net\/index.php?rest_route=\/wp\/v2\/pages\/8884\/revisions"}],"wp:featuredmedia":[{"embeddable":true,"href":"https:\/\/barproject.net\/index.php?rest_route=\/wp\/v2\/media\/8911"}],"wp:attachment":[{"href":"https:\/\/barproject.net\/index.php?rest_route=%2Fwp%2Fv2%2Fmedia&parent=8884"}],"curies":[{"name":"wp","href":"https:\/\/api.w.org\/{rel}","templated":true}]}}