{"id":8885,"date":"2021-10-18T10:00:25","date_gmt":"2021-10-18T08:00:25","guid":{"rendered":"https:\/\/barproject.net\/?page_id=8885"},"modified":"2023-11-20T15:48:56","modified_gmt":"2023-11-20T14:48:56","slug":"bar-gente","status":"publish","type":"page","link":"https:\/\/barproject.net\/?page_id=8885&lang=es","title":{"rendered":"BAR Gente"},"content":{"rendered":"<p>Desde 2013, BAR project ha recibido y ha colaborado con m\u00e1s de 150 trabajadores culturales (independientes e institucionales) de todos los continentes.<\/p>\n<p>2023: Beatriz Lemos, Mar\u00eda \u00cd\u00f1igo Clavo, Gian Cruz, Lumbung Press.<\/p>\n<p>2022: Alan Sierra, Elena Agudio, Thomas Chonchou, Victorine Grataloup, Marie de Gaujelac, Laurie Charles; <span style=\"text-decoration: underline;\">BAR TOOL#5 (2022-2023):<\/span> Carlos Clemente, Claudia Claremi, Santiago Sep\u00falveda, C\u00e9line Mannens; Guest tutors: Erick Beltran, consonni.<\/p>\n<p>2021: Azar Mahmoudian,\u00a0Apparatus 22 (Erika Olea, Maria Farcas, Dragos Olea),\u00a0Alba Mayol,\u00a0Elda Ort\u00edz,\u00a0Violeta Ospina,\u00a0Tania Adam,\u00a0Quim Pujol;\u00a0<span style=\"text-decoration: underline;\">BAR TOOL#4 (2021-2022)<\/span>: Bianca Dentellato, Ana Garcia Lopez, Marenka Krasomel, Lila Lisenberg, Giulia Paradell, Manuela Pereira, Jennifer Warren; Guest tutor: Dora Garcia.<\/p>\n<p>2020: Camilla Bechelany,\u00a0Maria Alcaide, Erik Harley, Cl\u00e0udia Elies;\u00a0<span style=\"text-decoration: underline;\">BAR TOOL#3 (2020)<\/span>: Lizette Nin, Wafa Aoun, Carla Jimeno; Guest tutors: Cory Scozzari, Manuel Cirauqui, Mireia Sallares<\/p>\n<p>2019: Chiara Cartuccia, Jimena Croceri, Denise Araouzou, Oscar Abraham Pab\u00f3n, Pin Hui Chen, Julie Boukobza, Vittoria Matarrese, Anna Colin, Claudia Pag\u00e9s, Irene Aristiz\u00e1bal, Ad Minoliti, Francesc Ru\u00edz, Antonio Gagliano, Veronica Lahitte.<\/p>\n<p>2018: Marcos Ben\u00edtez,\u00a0Martin Leg\u00f3n, Nouha Ben Yebdri,\u00a0Cristina Bogdan,\u00a0Ericka Florez,\u00a0Isa Carrillo,\u00a0Emily Pethick, Susan Gibb, Nuria G\u00fcell, Aimar P\u00e9rez Gal\u00ed, Philippe Pirotte, Vivian Sky Rehberg, Daniel Steegmann Mangran\u00e9, Jordi Ferreiro, Nico Vascellari, Joan Morey, Duen Sacchi;\u00a0<span style=\"text-decoration: underline;\">BAR TOOL#2 (2018-2019)<\/span>: Arash Fayez, Ad\u00e9la\u00efde Feriot, C\u00e9line Mathieu, Fran Glez, Marina Salvo, Gabriella Torres-Ferrer, Milagros Bedoya Valdivia<\/p>\n<p>2017: Simon Asencio, Valerio Del Baglivo, Daisuke Kosugi, Eva Rowson, Ina Hagen, Summer Guthery, Alfredo Aracil, Emma Haugh &amp; Suza Husse, Erick Beltr\u00e1n, In\u00e9s Katzenstein, Doroth\u00e9e Dupuis, Gelen Jeleton, Antoni Herv\u00e0s;\u00a0BAR International Symposium: Santiago Villanueva, Leire Vergara, Helmut Batista, Elise Lammer, Daniel Blanga-Gubbay, Karima Boudou, El Palomar, Kroot Juurak &amp; Alex Bailey, Pablo Martinez, Carles Guerra;\u00a0<span style=\"text-decoration: underline;\">BAR TOOL#1<\/span> (2017-2018):\u00a0Hugo Hemmi, Rosanna del Solar, David Ortiz Juan, Elida H\u00f8eg.<\/p>\n<p>2016: Emanuele Guidi,\u00a0Lorenzo Sandoval, Robert Leckie, Warren Neidich, M\u00f3nica Restrepo, Sojung Jun, Valentina Desideri, Cristina Ochoa, Florencia Portocarrero, Jungju An;\u00a0<span style=\"text-decoration: underline;\">BAR TOOL#0<\/span> (2016-2017): Julia Gorostidi, Tali Serruya, Enea Cabanes, Alejandra Avil\u00e9s, Ibai Hernandorena.<\/p>\n<p>2015: Lisa Mazza,\u00a0Matteo Lucchetti, Silvia Franceschini, Annie Fletcher,\u00a0Binna Choi,\u00a0Eva Gonz\u00e1lez Sancho,\u00a0Gaby Felten,\u00a0Maja \u0106iri\u0107, Maria Guggenbichler, Alex Martinis Roe, Christian Nyampeta, Elena Yaichnikova, Nicoline van Harskamp;\u00a0<span style=\"text-decoration: underline;\">BAR module: Curating the space \/ Space for curating<\/span>: Michy Maruach, Sof\u00eda Hern\u00e1ndez Chong Cuy (guest curators); Alejandra Avil\u00e9s, Cristina Albertini, Garazi Ansa, Francesca Boenzi, Pauline Bordaneil, Alba Folgado, Gris Garcia, Valentina Lacinio, Helena Perez (participants);\u00a0<span style=\"text-decoration: underline;\">HomePageResidency<\/span>: Carolina Bonfim, David Bestue, Seraf\u00edn \u00c1lvarez and Luz Broto;\u00a0<span style=\"text-decoration: underline;\">BAR Party<\/span>\u00a02nd anniversary with Natalia Sorzano.<\/p>\n<p>2014: Natalia Sielewicz,\u00a0Rieke Vos, Xiaoyu Weng, Lisette Smits, Lorenzo Benedetti, Miguel Amado, dingum, Krist Gruijthuijsen, Lara Khaldi, Margit Sade Lehni, Richard John Jones, Andre Romao, Angela Serino, Eduardo Navarro;\u00a0<span style=\"text-decoration: underline;\">BAR party<\/span>\u00a01st anniversary with Isabelle Lewis.<\/p>\n<p>2013: Noam Segal, \u00d6v\u00fcl Durmu\u015fo\u011flu, Magalie Meunier, Margarida Mendes, Natalia Valencia, Katerina Gregos, Luigi Fassi, Luis Silva, Chris Fitzpatrick, Chris Sharp, Isabelle Le Normand, Anja Isabel Schneider, Antonia Alampi, Catalina Lozano, Pauline Bastard, Priscila Fernandes, Tobias Kaspar, Marlie Mul, Nicoline van Harskamp, \u00d6zlem Sulak, High&amp;Low Bureau, Ivan Argote.<\/p>\n","protected":false},"excerpt":{"rendered":"<p>Desde 2013, BAR project ha recibido y ha colaborado con m\u00e1s de 150 trabajadores culturales (independientes e institucionales) de todos los continentes. 2023: Beatriz Lemos, Mar\u00eda \u00cd\u00f1igo Clavo, Gian Cruz,&#8230;<\/p>\n","protected":false},"author":1,"featured_media":8906,"parent":0,"menu_order":4,"comment_status":"closed","ping_status":"closed","template":"page-templates\/main-template.php","meta":{"footnotes":""},"class_list":["post-8885","page","type-page","status-publish","has-post-thumbnail","hentry"],"_links":{"self":[{"href":"https:\/\/barproject.net\/index.php?rest_route=\/wp\/v2\/pages\/8885","targetHints":{"allow":["GET"]}}],"collection":[{"href":"https:\/\/barproject.net\/index.php?rest_route=\/wp\/v2\/pages"}],"about":[{"href":"https:\/\/barproject.net\/index.php?rest_route=\/wp\/v2\/types\/page"}],"author":[{"embeddable":true,"href":"https:\/\/barproject.net\/index.php?rest_route=\/wp\/v2\/users\/1"}],"replies":[{"embeddable":true,"href":"https:\/\/barproject.net\/index.php?rest_route=%2Fwp%2Fv2%2Fcomments&post=8885"}],"version-history":[{"count":0,"href":"https:\/\/barproject.net\/index.php?rest_route=\/wp\/v2\/pages\/8885\/revisions"}],"wp:featuredmedia":[{"embeddable":true,"href":"https:\/\/barproject.net\/index.php?rest_route=\/wp\/v2\/media\/8906"}],"wp:attachment":[{"href":"https:\/\/barproject.net\/index.php?rest_route=%2Fwp%2Fv2%2Fmedia&parent=8885"}],"curies":[{"name":"wp","href":"https:\/\/api.w.org\/{rel}","templated":true}]}}