{"id":8886,"date":"2021-10-18T10:00:48","date_gmt":"2021-10-18T08:00:48","guid":{"rendered":"https:\/\/barproject.net\/?page_id=8886"},"modified":"2023-11-20T15:57:13","modified_gmt":"2023-11-20T14:57:13","slug":"bar-residencias","status":"publish","type":"page","link":"https:\/\/barproject.net\/?page_id=8886&lang=es","title":{"rendered":"BAR Residencias"},"content":{"rendered":"<p>BAR project desarrolla un programa de residencias en Barcelona que se concibe como una plataforma para la internacionalizaci\u00f3n del contexto local desde una perspectiva cr\u00edtica e independiente. BAR project recibe artistas y comisarios internacionales en Barcelona durante diferentes periodos de tiempo y bajo diversos tipos de residencias. La residencia de BAR project funciona por invitaci\u00f3n. Ejemplos de temas en torno a los cuales ha gravitado la residencia son: las formas de convivencia en el mundo, las formas alternativas de comunidad o las pol\u00edticas de control del comportamiento humano. El comit\u00e9 de selecci\u00f3n est\u00e1 compuesto por los miembros fundadores de BAR project.<\/p>\n<p>BAR project es una plataforma que no tiene sede propia. Las residencias son posibles gracias a diferentes socios y colaboradores, que ayudan a BAR project a proporcionar a sus residentes alojamiento, espacio de trabajo y recursos materiales y econ\u00f3micos. Adem\u00e1s, numerosos centros y proyectos de arte de la ciudad -institucionales e independientes-, as\u00ed como diversos agentes de la escena art\u00edstica local, participan en las actividades del programa.<\/p>\n<p>El motor del proyecto es el eje principal de las prioridades de la plataforma, es decir, la noci\u00f3n de hospitalidad. Este intercambio se produce no s\u00f3lo a nivel conceptual sino tambi\u00e9n en t\u00e9rminos pr\u00e1cticos. La hospitalidad se produce a muchos niveles diferentes: los residentes son acogidos por el proyecto BAR y el \u00faltimo es acogido a su vez por muchos colaboradores; ser hu\u00e9sped y anfitri\u00f3n hace que el proyecto no s\u00f3lo sea posible, sino sostenible.<\/p>\n<p>La variedad de residencias ha evolucionado con el tiempo. Hay residencias de 1 a 3 meses en las que se invita a artistas y comisarios a desarrollar un proyecto espec\u00edfico relacionado con la ciudad de Barcelona. Durante la residencia se hace especial hincapi\u00e9 en el intercambio con la escena local a trav\u00e9s de presentaciones y eventos p\u00fablicos y un intercambio m\u00e1s estrecho entre los agentes invitados y los locales. Al final de la residencia se organiza una presentaci\u00f3n p\u00fablica de las obras producidas en un espacio que se selecciona para que se adapte lo mejor posible al trabajo. El programa cubre el transporte, el alojamiento, el espacio de trabajo y los gastos de manutenci\u00f3n, as\u00ed como un presupuesto de producci\u00f3n. Otro tipo de invitaciones se dan a grupos de 3-4 comisarios para un periodo de alrededor de una semana, durante el cual se re\u00fanen con artistas y agentes e instituciones de Barcelona. Los invitados reciben un programa que se ajusta a sus intereses de investigaci\u00f3n. El objetivo principal es permitir un conocimiento directo de la escena art\u00edstica y cultural de la ciudad para fomentar futuras colaboraciones. La residencia cubre los gastos de alojamiento y desplazamiento.<\/p>\n<p>Desde 2020, tambi\u00e9n hemos desarrollado residencias para practicantes locales en las que con el fin de desarrollar y presentar p\u00fablicamente a trav\u00e9s de varias ocurrencias durante un mes. Los residentes reciben un estipendio y pueden vender una obra espec\u00edfica en la p\u00e1gina web de BAR project.<\/p>\n<p>Actualmente, estos diferentes formatos conviven de forma org\u00e1nica en nuestro programa.<\/p>\n","protected":false},"excerpt":{"rendered":"<p>BAR project desarrolla un programa de residencias en Barcelona que se concibe como una plataforma para la internacionalizaci\u00f3n del contexto local desde una perspectiva cr\u00edtica e independiente. BAR project recibe&#8230;<\/p>\n","protected":false},"author":1,"featured_media":8909,"parent":0,"menu_order":7,"comment_status":"closed","ping_status":"closed","template":"page-templates\/main-template.php","meta":{"footnotes":""},"class_list":["post-8886","page","type-page","status-publish","has-post-thumbnail","hentry"],"_links":{"self":[{"href":"https:\/\/barproject.net\/index.php?rest_route=\/wp\/v2\/pages\/8886","targetHints":{"allow":["GET"]}}],"collection":[{"href":"https:\/\/barproject.net\/index.php?rest_route=\/wp\/v2\/pages"}],"about":[{"href":"https:\/\/barproject.net\/index.php?rest_route=\/wp\/v2\/types\/page"}],"author":[{"embeddable":true,"href":"https:\/\/barproject.net\/index.php?rest_route=\/wp\/v2\/users\/1"}],"replies":[{"embeddable":true,"href":"https:\/\/barproject.net\/index.php?rest_route=%2Fwp%2Fv2%2Fcomments&post=8886"}],"version-history":[{"count":0,"href":"https:\/\/barproject.net\/index.php?rest_route=\/wp\/v2\/pages\/8886\/revisions"}],"wp:featuredmedia":[{"embeddable":true,"href":"https:\/\/barproject.net\/index.php?rest_route=\/wp\/v2\/media\/8909"}],"wp:attachment":[{"href":"https:\/\/barproject.net\/index.php?rest_route=%2Fwp%2Fv2%2Fmedia&parent=8886"}],"curies":[{"name":"wp","href":"https:\/\/api.w.org\/{rel}","templated":true}]}}