{"id":8888,"date":"2021-10-18T10:01:28","date_gmt":"2021-10-18T08:01:28","guid":{"rendered":"https:\/\/barproject.net\/?page_id=8888"},"modified":"2023-11-20T15:53:34","modified_gmt":"2023-11-20T14:53:34","slug":"programa-publico","status":"publish","type":"page","link":"https:\/\/barproject.net\/?page_id=8888&lang=es","title":{"rendered":"BAR Programa P\u00fablico"},"content":{"rendered":"<p><i>Drinking while walking while hosting while thinking while making together<\/i> es el leitmotiv de BAR project. El proyecto toma su nombre del lugar de encuentro popular y social de la cultura del sur de Europa, el bar, para recontextualizarlo y poder trabajar y desarrollar una pr\u00e1ctica de forma flexible, informal y cr\u00edtica. Esta condici\u00f3n y estatus de trabajo va m\u00e1s all\u00e1 de la propia idea y BAR project extiende su pr\u00e1ctica curatorial trabajando en el \u00e1mbito p\u00fablico y tomando la ciudad de Barcelona como espacio p\u00fablico de proyecto.<\/p>\n<p>N\u00facleo del esfuerzo curatorial de BAR project, el programa p\u00fablico opera como un espacio transversal y a la vez aut\u00f3nomo que responde a las preocupaciones de su propia pr\u00e1ctica: profundizar en el \u00e1mbito p\u00fablico actual; dar cabida a momentos de encuentro, discusi\u00f3n y reflexi\u00f3n; promover un di\u00e1logo con el contexto inmediato y m\u00e1s all\u00e1 de \u00e9l. BAR project defiende un programa p\u00fablico que se desarrolla en espacios de naturaleza diversa, con el objetivo de provocar relaciones inesperadas y crear desaf\u00edos en cuanto a sus p\u00fablicos. En este sentido, las diferentes actividades que BAR project ha organizado hasta la fecha han tenido lugar en galer\u00edas, organizaciones sin \u00e1nimo de lucro e instituciones, as\u00ed como en bares, garajes, bibliotecas o en el espacio p\u00fablico, por nombrar solo algunos.<\/p>\n","protected":false},"excerpt":{"rendered":"<p>Drinking while walking while hosting while thinking while making together es el leitmotiv de BAR project. El proyecto toma su nombre del lugar de encuentro popular y social de la&#8230;<\/p>\n","protected":false},"author":1,"featured_media":8907,"parent":0,"menu_order":5,"comment_status":"closed","ping_status":"closed","template":"page-templates\/main-template.php","meta":{"footnotes":""},"class_list":["post-8888","page","type-page","status-publish","has-post-thumbnail","hentry"],"_links":{"self":[{"href":"https:\/\/barproject.net\/index.php?rest_route=\/wp\/v2\/pages\/8888","targetHints":{"allow":["GET"]}}],"collection":[{"href":"https:\/\/barproject.net\/index.php?rest_route=\/wp\/v2\/pages"}],"about":[{"href":"https:\/\/barproject.net\/index.php?rest_route=\/wp\/v2\/types\/page"}],"author":[{"embeddable":true,"href":"https:\/\/barproject.net\/index.php?rest_route=\/wp\/v2\/users\/1"}],"replies":[{"embeddable":true,"href":"https:\/\/barproject.net\/index.php?rest_route=%2Fwp%2Fv2%2Fcomments&post=8888"}],"version-history":[{"count":0,"href":"https:\/\/barproject.net\/index.php?rest_route=\/wp\/v2\/pages\/8888\/revisions"}],"wp:featuredmedia":[{"embeddable":true,"href":"https:\/\/barproject.net\/index.php?rest_route=\/wp\/v2\/media\/8907"}],"wp:attachment":[{"href":"https:\/\/barproject.net\/index.php?rest_route=%2Fwp%2Fv2%2Fmedia&parent=8888"}],"curies":[{"name":"wp","href":"https:\/\/api.w.org\/{rel}","templated":true}]}}